{"id":7,"date":"2025-03-01T23:21:44","date_gmt":"2025-03-01T23:21:44","guid":{"rendered":"https:\/\/bucketlist.dk\/?page_id=7"},"modified":"2025-03-01T23:25:30","modified_gmt":"2025-03-01T23:25:30","slug":"forside","status":"publish","type":"page","link":"https:\/\/bucketlist.dk\/index.php\/forside\/","title":{"rendered":"Forside"},"content":{"rendered":"\n\n\n<div class=\"wp-block-group alignfull has-global-padding is-layout-constrained wp-block-group-is-layout-constrained\" style=\"margin-top:0;margin-bottom:0;padding-top:var(--wp--preset--spacing--50);padding-bottom:var(--wp--preset--spacing--50)\">\n<div class=\"wp-block-columns alignwide is-layout-flex wp-container-core-columns-is-layout-1 wp-block-columns-is-layout-flex\">\n<div class=\"wp-block-column is-vertically-aligned-center is-layout-flow wp-block-column-is-layout-flow\">\n<h2 class=\"wp-block-heading has-xx-large-font-size\"><strong>Bucket List \u2013 Oplevelser, du aldrig glemmer<\/strong><\/h2>\n\n\n\n<p class=\"has-medium-font-size\">Dr\u00f8mmer du om at dykke ved koralrev, st\u00e5 p\u00e5 ski i Alperne, tage p\u00e5 yoga-retreat eller vandre gennem junglen? Bucket List samler de fedeste rejseoplevelser fra hele verden og finder de bedste tilbud p\u00e5 transport og hotel, s\u00e5 du kan g\u00f8re dr\u00f8mmene til virkelighed.<\/p>\n\n\n\n<p class=\"has-medium-font-size\">\u2714\ufe0f Udforsk unikke oplevelser p\u00e5 tv\u00e6rs af destinationer<\/p>\n\n\n\n<p class=\"has-medium-font-size\">\u2714\ufe0f Bogm\u00e6rk dine favoritter &amp; planl\u00e6g din n\u00e6ste rejse<\/p>\n\n\n\n<p class=\"has-medium-font-size\">\u2714\ufe0f F\u00e5 adgang til eksklusive deals p\u00e5 fly &amp; ophold<\/p>\n\n\n\n<p class=\"has-medium-font-size\">Uanset om du vil kitesurfe, fiske, dykke, dyrke kampsport eller bare slappe af p\u00e5 en paradisstrand, hj\u00e6lper Bucket List dig med at finde de bedste steder \u2013 og den bedste pris.<\/p>\n\n\n\n<p class=\"has-medium-font-size\">Dr\u00f8m stort. Rejs l\u00e6ngere. Kryds af p\u00e5 din Bucket List. \ud83c\udf0e\u2728<\/p>\n<\/div>\n\n\n\n<div class=\"wp-block-column is-vertically-aligned-center is-layout-flow wp-block-column-is-layout-flow\">\n<figure class=\"wp-block-image size-full\"><img decoding=\"async\" src=\"https:\/\/copywriting.dk\/wp-content\/themes\/twentytwentyfive\/assets\/images\/book-image-landing.webp\" alt=\"Image of a book\" style=\"aspect-ratio:1;object-fit:cover\"\/><\/figure>\n<\/div>\n<\/div>\n<\/div>\n\n\n\n<div class=\"wp-block-group alignfull has-global-padding is-layout-constrained wp-block-group-is-layout-constrained\" style=\"margin-top:0;margin-bottom:0\">\n<div class=\"wp-block-group alignwide is-layout-flow wp-container-core-group-is-layout-4 wp-block-group-is-layout-flow\" style=\"padding-top:var(--wp--preset--spacing--50);padding-bottom:var(--wp--preset--spacing--50)\">\n<h2 class=\"wp-block-heading has-x-large-font-size\">Sp\u00f8rgsm\u00e5l?<\/h2>\n\n\n\n<div class=\"wp-block-columns is-layout-flex wp-container-core-columns-is-layout-2 wp-block-columns-is-layout-flex\">\n<div class=\"wp-block-column is-layout-flow wp-block-column-is-layout-flow\">\n<div class=\"wp-block-group is-layout-flow wp-block-group-is-layout-flow\" style=\"border-top-color:var(--wp--preset--color--accent-6);border-top-width:1px;padding-top:var(--wp--preset--spacing--30);padding-bottom:var(--wp--preset--spacing--30)\">\n<p>S\u00e5 udfyld kontaktformularen her: <\/p>\n\n\n\n<p><\/p>\n<\/div>\n<\/div>\n\n\n\n<div class=\"wp-block-column is-layout-flow wp-block-column-is-layout-flow\">\n<div class=\"wp-block-group is-layout-flow wp-block-group-is-layout-flow\" style=\"border-top-color:var(--wp--preset--color--accent-6);border-top-width:1px;padding-top:var(--wp--preset--spacing--30);padding-bottom:var(--wp--preset--spacing--30)\">\n<div class=\"wpcf7 no-js\" id=\"wpcf7-f6-o1\" lang=\"da-DK\" dir=\"ltr\" data-wpcf7-id=\"6\">\n<div class=\"screen-reader-response\"><p role=\"status\" aria-live=\"polite\" aria-atomic=\"true\"><\/p> <ul><\/ul><\/div>\n<form action=\"\/index.php\/wp-json\/wp\/v2\/pages\/7#wpcf7-f6-o1\" method=\"post\" class=\"wpcf7-form init\" aria-label=\"Kontaktformular\" novalidate=\"novalidate\" data-status=\"init\">\n<div style=\"display: none;\">\n<input type=\"hidden\" name=\"_wpcf7\" value=\"6\" \/>\n<input type=\"hidden\" name=\"_wpcf7_version\" value=\"6.0.4\" \/>\n<input type=\"hidden\" name=\"_wpcf7_locale\" value=\"da_DK\" \/>\n<input type=\"hidden\" name=\"_wpcf7_unit_tag\" value=\"wpcf7-f6-o1\" \/>\n<input type=\"hidden\" name=\"_wpcf7_container_post\" value=\"0\" \/>\n<input type=\"hidden\" name=\"_wpcf7_posted_data_hash\" value=\"\" \/>\n<\/div>\n<p><label> Dit navn<br \/>\n<span class=\"wpcf7-form-control-wrap\" data-name=\"your-name\"><input size=\"40\" maxlength=\"400\" class=\"wpcf7-form-control wpcf7-text wpcf7-validates-as-required\" autocomplete=\"name\" aria-required=\"true\" aria-invalid=\"false\" value=\"\" type=\"text\" name=\"your-name\" \/><\/span> <\/label>\n<\/p>\n<p><label> Din e-mail<br \/>\n<span class=\"wpcf7-form-control-wrap\" data-name=\"your-email\"><input size=\"40\" maxlength=\"400\" class=\"wpcf7-form-control wpcf7-email wpcf7-validates-as-required wpcf7-text wpcf7-validates-as-email\" autocomplete=\"email\" aria-required=\"true\" aria-invalid=\"false\" value=\"\" type=\"email\" name=\"your-email\" \/><\/span> <\/label>\n<\/p>\n<p><label> Emne<br \/>\n<span class=\"wpcf7-form-control-wrap\" data-name=\"your-subject\"><input size=\"40\" maxlength=\"400\" class=\"wpcf7-form-control wpcf7-text wpcf7-validates-as-required\" aria-required=\"true\" aria-invalid=\"false\" value=\"\" type=\"text\" name=\"your-subject\" \/><\/span> <\/label>\n<\/p>\n<p><label> Din besked (valgfri)<br \/>\n<span class=\"wpcf7-form-control-wrap\" data-name=\"your-message\"><textarea cols=\"40\" rows=\"10\" maxlength=\"2000\" class=\"wpcf7-form-control wpcf7-textarea\" aria-invalid=\"false\" name=\"your-message\"><\/textarea><\/span> <\/label>\n<\/p>\n<p><input class=\"wpcf7-form-control wpcf7-submit has-spinner\" type=\"submit\" value=\"Send\" \/>\n<\/p><div class=\"wpcf7-response-output\" aria-hidden=\"true\"><\/div>\n<\/form>\n<\/div>\n\n<\/div>\n<\/div>\n<\/div>\n<\/div>\n\n\n\n<p class=\"has-text-align-center\">\u00a9 Bucketlist.dk 2025<\/p>\n<\/div>\n","protected":false},"excerpt":{"rendered":"<p>Bucket List \u2013 Oplevelser, du aldrig glemmer Dr\u00f8mmer du om at dykke ved koralrev, st\u00e5 p\u00e5 ski i Alperne, tage p\u00e5 yoga-retreat eller vandre gennem junglen? Bucket List samler de fedeste rejseoplevelser fra hele verden og finder de bedste tilbud p\u00e5 transport og hotel, s\u00e5 du kan g\u00f8re dr\u00f8mmene til virkelighed. \u2714\ufe0f Udforsk unikke oplevelser [&hellip;]<\/p>\n","protected":false},"author":1,"featured_media":0,"parent":0,"menu_order":0,"comment_status":"closed","ping_status":"closed","template":"","meta":{"footnotes":""},"class_list":["post-7","page","type-page","status-publish","hentry"],"_links":{"self":[{"href":"https:\/\/bucketlist.dk\/index.php\/wp-json\/wp\/v2\/pages\/7","targetHints":{"allow":["GET"]}}],"collection":[{"href":"https:\/\/bucketlist.dk\/index.php\/wp-json\/wp\/v2\/pages"}],"about":[{"href":"https:\/\/bucketlist.dk\/index.php\/wp-json\/wp\/v2\/types\/page"}],"author":[{"embeddable":true,"href":"https:\/\/bucketlist.dk\/index.php\/wp-json\/wp\/v2\/users\/1"}],"replies":[{"embeddable":true,"href":"https:\/\/bucketlist.dk\/index.php\/wp-json\/wp\/v2\/comments?post=7"}],"version-history":[{"count":3,"href":"https:\/\/bucketlist.dk\/index.php\/wp-json\/wp\/v2\/pages\/7\/revisions"}],"predecessor-version":[{"id":11,"href":"https:\/\/bucketlist.dk\/index.php\/wp-json\/wp\/v2\/pages\/7\/revisions\/11"}],"wp:attachment":[{"href":"https:\/\/bucketlist.dk\/index.php\/wp-json\/wp\/v2\/media?parent=7"}],"curies":[{"name":"wp","href":"https:\/\/api.w.org\/{rel}","templated":true}]}}